{"id":26,"date":"2023-04-02T08:06:37","date_gmt":"2023-04-02T05:06:37","guid":{"rendered":"https:\/\/prosurvey.com.tr\/?page_id=26"},"modified":"2023-06-01T15:16:24","modified_gmt":"2023-06-01T12:16:24","slug":"vizyon-misyon","status":"publish","type":"page","link":"https:\/\/prosurvey.com.tr\/index.php\/vizyon-misyon\/","title":{"rendered":"Vizyon Misyon"},"content":{"rendered":"\t\t<div data-elementor-type=\"wp-page\" data-elementor-id=\"26\" class=\"elementor elementor-26\">\n\t\t\t\t\t\t<section class=\"elementor-section elementor-top-section elementor-element elementor-element-44c96ee elementor-section-boxed elementor-section-height-default elementor-section-height-default\" data-id=\"44c96ee\" data-element_type=\"section\">\n\t\t\t\t\t\t<div class=\"elementor-container elementor-column-gap-default\">\n\t\t\t\t\t<div class=\"elementor-column elementor-col-100 elementor-top-column elementor-element elementor-element-4888860\" data-id=\"4888860\" data-element_type=\"column\">\n\t\t\t<div class=\"elementor-widget-wrap elementor-element-populated\">\n\t\t\t\t\t\t<div class=\"elementor-element elementor-element-5b5bab3 cpel-switcher--align-right cpel-switcher--layout-horizontal cpel-switcher--aspect-ratio-43 elementor-widget elementor-widget-polylang-language-switcher\" data-id=\"5b5bab3\" data-element_type=\"widget\" data-widget_type=\"polylang-language-switcher.default\">\n\t\t\t\t<div class=\"elementor-widget-container\">\n\t\t\t<nav class=\"cpel-switcher__nav\"><ul class=\"cpel-switcher__list\"><li class=\"cpel-switcher__lang\"><a lang=\"tr-TR\" hreflang=\"tr-TR\" href=\"https:\/\/prosurvey.com.tr\/index.php\/vizyon-misyon\/\"><span class=\"cpel-switcher__flag cpel-switcher__flag--tr\"><img decoding=\"async\" src=\"data:image\/svg+xml;utf8,%3Csvg width='21' height='15' xmlns='http:\/\/www.w3.org\/2000\/svg'%3E%3Cdefs%3E%3ClinearGradient x1='50%' y1='0%' x2='50%' y2='100%' id='a'%3E%3Cstop stop-color='%23FFF' offset='0%'\/%3E%3Cstop stop-color='%23F0F0F0' offset='100%'\/%3E%3C\/linearGradient%3E%3ClinearGradient x1='50%' y1='0%' x2='50%' y2='100%' id='b'%3E%3Cstop stop-color='%23E92434' offset='0%'\/%3E%3Cstop stop-color='%23E11324' offset='100%'\/%3E%3C\/linearGradient%3E%3C\/defs%3E%3Cg fill='none' fill-rule='evenodd'%3E%3Cpath fill='url(%23a)' d='M0 0h21v15H0z'\/%3E%3Cpath fill='url(%23b)' d='M0 0h21v15H0z'\/%3E%3Cpath d='M13.052 4.737A3.907 3.907 0 0010.75 4C8.679 4 7 5.567 7 7.5S8.679 11 10.75 11c.868 0 1.667-.275 2.302-.737a4.5 4.5 0 110-5.526zm1.214 3.34l-.919 1.113.063-1.442-1.343-.53 1.39-.386.09-1.441.796 1.204 1.398-.361-.898 1.13.775 1.217-1.352-.505z' fill='url(%23a)'\/%3E%3C\/g%3E%3C\/svg%3E\" alt=\"T\u00fcrk\u00e7e\" \/><\/span><span class=\"cpel-switcher__code\">TR<\/span><\/a><\/li><li class=\"cpel-switcher__lang\"><a lang=\"en-GB\" hreflang=\"en-GB\" href=\"https:\/\/prosurvey.com.tr\/index.php\/en\/vision-mission\/\"><span class=\"cpel-switcher__flag cpel-switcher__flag--gb\"><img decoding=\"async\" src=\"data:image\/svg+xml;utf8,%3Csvg width='21' height='15' xmlns='http:\/\/www.w3.org\/2000\/svg'%3E%3Cdefs%3E%3ClinearGradient x1='50%' y1='0%' x2='50%' y2='100%' id='a'%3E%3Cstop stop-color='%23FFF' offset='0%'\/%3E%3Cstop stop-color='%23F0F0F0' offset='100%'\/%3E%3C\/linearGradient%3E%3ClinearGradient x1='50%' y1='0%' x2='50%' y2='100%' id='b'%3E%3Cstop stop-color='%230A17A7' offset='0%'\/%3E%3Cstop stop-color='%23030E88' offset='100%'\/%3E%3C\/linearGradient%3E%3ClinearGradient x1='50%' y1='0%' x2='50%' y2='100%' id='c'%3E%3Cstop stop-color='%23E6273E' offset='0%'\/%3E%3Cstop stop-color='%23CF152B' offset='100%'\/%3E%3C\/linearGradient%3E%3C\/defs%3E%3Cg fill='none' fill-rule='evenodd'%3E%3Cpath fill='url(%23a)' d='M0 0h21v15H0z'\/%3E%3Cpath fill='url(%23b)' d='M-.002 0h21v15h-21z'\/%3E%3Cpath d='M5.003 10H-.002V5h5.005L-2.082.22l1.118-1.657 8.962 6.045V-1h5v5.608l8.962-6.045L23.078.22 15.993 5h5.005v5h-5.005l7.085 4.78-1.118 1.657-8.962-6.045V16h-5v-5.608l-8.962 6.045-1.118-1.658L5.003 10z' fill='url(%23a)'\/%3E%3Cpath d='M14.136 4.958l9.5-6.25a.25.25 0 00-.275-.417l-9.5 6.25a.25.25 0 10.275.417zm.732 5.522l8.515 5.74a.25.25 0 10.28-.415l-8.516-5.74a.25.25 0 00-.279.415zM6.142 4.526L-2.74-1.461a.25.25 0 00-.28.415L5.863 4.94a.25.25 0 00.279-.414zm.685 5.469l-9.845 6.53a.25.25 0 10.276.416l9.846-6.529a.25.25 0 00-.277-.417z' fill='%23DB1F35' fill-rule='nonzero'\/%3E%3Cpath fill='url(%23c)' d='M-.002 9h9v6h3V9h9V6h-9V0h-3v6h-9z'\/%3E%3C\/g%3E%3C\/svg%3E\" alt=\"English\" \/><\/span><span class=\"cpel-switcher__code\">EN<\/span><\/a><\/li><\/ul><\/nav>\t\t<\/div>\n\t\t\t\t<\/div>\n\t\t\t\t\t<\/div>\n\t\t<\/div>\n\t\t\t\t\t<\/div>\n\t\t<\/section>\n\t\t\t\t<section class=\"elementor-section elementor-top-section elementor-element elementor-element-9280f01 elementor-section-boxed elementor-section-height-default elementor-section-height-default\" data-id=\"9280f01\" data-element_type=\"section\">\n\t\t\t\t\t\t<div class=\"elementor-container elementor-column-gap-default\">\n\t\t\t\t\t<div class=\"elementor-column elementor-col-50 elementor-top-column elementor-element elementor-element-d1a8427 animated-fast elementor-invisible\" data-id=\"d1a8427\" data-element_type=\"column\" data-settings=\"{&quot;animation&quot;:&quot;fadeInLeft&quot;}\">\n\t\t\t<div class=\"elementor-widget-wrap elementor-element-populated\">\n\t\t\t\t\t\t<div class=\"elementor-element elementor-element-2f059e9 elementor-widget elementor-widget-heading\" data-id=\"2f059e9\" data-element_type=\"widget\" data-widget_type=\"heading.default\">\n\t\t\t\t<div class=\"elementor-widget-container\">\n\t\t\t<style>\/*! elementor - v3.19.0 - 07-02-2024 *\/\n.elementor-heading-title{padding:0;margin:0;line-height:1}.elementor-widget-heading .elementor-heading-title[class*=elementor-size-]>a{color:inherit;font-size:inherit;line-height:inherit}.elementor-widget-heading .elementor-heading-title.elementor-size-small{font-size:15px}.elementor-widget-heading .elementor-heading-title.elementor-size-medium{font-size:19px}.elementor-widget-heading .elementor-heading-title.elementor-size-large{font-size:29px}.elementor-widget-heading .elementor-heading-title.elementor-size-xl{font-size:39px}.elementor-widget-heading .elementor-heading-title.elementor-size-xxl{font-size:59px}<\/style><h2 class=\"elementor-heading-title elementor-size-xxl\">Vizyon<\/h2>\t\t<\/div>\n\t\t\t\t<\/div>\n\t\t\t\t<div class=\"elementor-element elementor-element-1774ddd elementor-widget elementor-widget-text-editor\" data-id=\"1774ddd\" data-element_type=\"widget\" data-widget_type=\"text-editor.default\">\n\t\t\t\t<div class=\"elementor-widget-container\">\n\t\t\t<style>\/*! elementor - v3.19.0 - 07-02-2024 *\/\n.elementor-widget-text-editor.elementor-drop-cap-view-stacked .elementor-drop-cap{background-color:#69727d;color:#fff}.elementor-widget-text-editor.elementor-drop-cap-view-framed .elementor-drop-cap{color:#69727d;border:3px solid;background-color:transparent}.elementor-widget-text-editor:not(.elementor-drop-cap-view-default) .elementor-drop-cap{margin-top:8px}.elementor-widget-text-editor:not(.elementor-drop-cap-view-default) .elementor-drop-cap-letter{width:1em;height:1em}.elementor-widget-text-editor .elementor-drop-cap{float:left;text-align:center;line-height:1;font-size:50px}.elementor-widget-text-editor .elementor-drop-cap-letter{display:inline-block}<\/style>\t\t\t\t<p>Raporumuzla Ticarette G\u00fcvence Sa\u011flamak.<\/p>\t\t\t\t\t\t<\/div>\n\t\t\t\t<\/div>\n\t\t\t\t\t<\/div>\n\t\t<\/div>\n\t\t\t\t<div class=\"elementor-column elementor-col-50 elementor-top-column elementor-element elementor-element-b7be179 animated-fast elementor-invisible\" data-id=\"b7be179\" data-element_type=\"column\" data-settings=\"{&quot;animation&quot;:&quot;fadeInRight&quot;}\">\n\t\t\t<div class=\"elementor-widget-wrap elementor-element-populated\">\n\t\t\t\t\t\t<div class=\"elementor-element elementor-element-05b317e elementor-widget elementor-widget-heading\" data-id=\"05b317e\" data-element_type=\"widget\" data-widget_type=\"heading.default\">\n\t\t\t\t<div class=\"elementor-widget-container\">\n\t\t\t<h2 class=\"elementor-heading-title elementor-size-xxl\">Misyon<\/h2>\t\t<\/div>\n\t\t\t\t<\/div>\n\t\t\t\t<div class=\"elementor-element elementor-element-f14be40 elementor-widget elementor-widget-text-editor\" data-id=\"f14be40\" data-element_type=\"widget\" data-widget_type=\"text-editor.default\">\n\t\t\t\t<div class=\"elementor-widget-container\">\n\t\t\t\t\t\t\t<p>G\u00f6zetim Hizmetlerini uluslararas\u0131 standartlarla uygun ve tarafs\u0131z olarak sunmak.\u00a0<\/p>\t\t\t\t\t\t<\/div>\n\t\t\t\t<\/div>\n\t\t\t\t\t<\/div>\n\t\t<\/div>\n\t\t\t\t\t<\/div>\n\t\t<\/section>\n\t\t\t\t<\/div>\n\t\t","protected":false},"excerpt":{"rendered":"<p>TR EN Vizyon Raporumuzla Ticarette G\u00fcvence Sa\u011flamak. Misyon G\u00f6zetim Hizmetlerini uluslararas\u0131 standartlarla uygun ve tarafs\u0131z olarak sunmak.\u00a0<\/p>\n","protected":false},"author":1,"featured_media":0,"parent":0,"menu_order":0,"comment_status":"closed","ping_status":"closed","template":"","meta":{"site-sidebar-layout":"no-sidebar","site-content-layout":"page-builder","ast-site-content-layout":"","site-content-style":"default","site-sidebar-style":"default","ast-global-header-display":"","ast-banner-title-visibility":"","ast-main-header-display":"","ast-hfb-above-header-display":"","ast-hfb-below-header-display":"","ast-hfb-mobile-header-display":"","site-post-title":"disabled","ast-breadcrumbs-content":"","ast-featured-img":"disabled","footer-sml-layout":"","theme-transparent-header-meta":"","adv-header-id-meta":"","stick-header-meta":"","header-above-stick-meta":"","header-main-stick-meta":"","header-below-stick-meta":"","astra-migrate-meta-layouts":"default","ast-page-background-enabled":"default","ast-page-background-meta":{"desktop":{"background-color":"var(--ast-global-color-4)","background-image":"","background-repeat":"repeat","background-position":"center center","background-size":"auto","background-attachment":"scroll","background-type":"","background-media":"","overlay-type":"","overlay-color":"","overlay-gradient":""},"tablet":{"background-color":"","background-image":"","background-repeat":"repeat","background-position":"center center","background-size":"auto","background-attachment":"scroll","background-type":"","background-media":"","overlay-type":"","overlay-color":"","overlay-gradient":""},"mobile":{"background-color":"","background-image":"","background-repeat":"repeat","background-position":"center center","background-size":"auto","background-attachment":"scroll","background-type":"","background-media":"","overlay-type":"","overlay-color":"","overlay-gradient":""}},"ast-content-background-meta":{"desktop":{"background-color":"var(--ast-global-color-5)","background-image":"","background-repeat":"repeat","background-position":"center center","background-size":"auto","background-attachment":"scroll","background-type":"","background-media":"","overlay-type":"","overlay-color":"","overlay-gradient":""},"tablet":{"background-color":"var(--ast-global-color-5)","background-image":"","background-repeat":"repeat","background-position":"center center","background-size":"auto","background-attachment":"scroll","background-type":"","background-media":"","overlay-type":"","overlay-color":"","overlay-gradient":""},"mobile":{"background-color":"var(--ast-global-color-5)","background-image":"","background-repeat":"repeat","background-position":"center center","background-size":"auto","background-attachment":"scroll","background-type":"","background-media":"","overlay-type":"","overlay-color":"","overlay-gradient":""}},"footnotes":""},"class_list":["post-26","page","type-page","status-publish","hentry"],"_links":{"self":[{"href":"https:\/\/prosurvey.com.tr\/index.php\/wp-json\/wp\/v2\/pages\/26","targetHints":{"allow":["GET"]}}],"collection":[{"href":"https:\/\/prosurvey.com.tr\/index.php\/wp-json\/wp\/v2\/pages"}],"about":[{"href":"https:\/\/prosurvey.com.tr\/index.php\/wp-json\/wp\/v2\/types\/page"}],"author":[{"embeddable":true,"href":"https:\/\/prosurvey.com.tr\/index.php\/wp-json\/wp\/v2\/users\/1"}],"replies":[{"embeddable":true,"href":"https:\/\/prosurvey.com.tr\/index.php\/wp-json\/wp\/v2\/comments?post=26"}],"version-history":[{"count":10,"href":"https:\/\/prosurvey.com.tr\/index.php\/wp-json\/wp\/v2\/pages\/26\/revisions"}],"predecessor-version":[{"id":390,"href":"https:\/\/prosurvey.com.tr\/index.php\/wp-json\/wp\/v2\/pages\/26\/revisions\/390"}],"wp:attachment":[{"href":"https:\/\/prosurvey.com.tr\/index.php\/wp-json\/wp\/v2\/media?parent=26"}],"curies":[{"name":"wp","href":"https:\/\/api.w.org\/{rel}","templated":true}]}}